{"id":2731,"date":"2012-06-16T04:34:08","date_gmt":"2012-06-16T01:34:08","guid":{"rendered":"https:\/\/irdenyapi.com.tr\/gizlilik-politikasi\/"},"modified":"2024-05-11T10:28:05","modified_gmt":"2024-05-11T07:28:05","slug":"privacy-policy","status":"publish","type":"page","link":"https:\/\/irdenyapi.com.tr\/en\/privacy-policy\/","title":{"rendered":"Privacy Policy"},"content":{"rendered":"<p><strong>Site Privacy Policy<\/strong><\/p>\n<p>IRDEN YAPI NAKL\u0130YE \u0130N\u015eAAT TUR\u0130ZM SANAY\u0130 VE T\u0130CARET ANON\u0130M S\u0130RKET\u0130 NAKL\u0130YE \u0130N\u015eAAT TUR\u0130ZM SANAY\u0130 VE T\u0130CARET ANON\u0130M S\u0130RKET\u0130 is committed to protecting your privacy. This privacy statement describes the data collection and use practices of IRDEN YAPI NAKL\u0130YE \u0130N\u015eAAT TUR\u0130ZM SANAY\u0130 VE T\u0130CARET ANON\u0130M S\u0130RKET\u0130 site and sites (\u2018Site\u2019). Your access to this Site indicates that you accept the information collection and use practices described in this privacy statement.<\/p>\n<p>Unless otherwise stated in this statement and otherwise, the personal information you provide on the Site will not be shared outside \u0130RDEN YAPI NAKL\u0130YE \u0130N\u015eAAT TUR\u0130ZM SANAY\u0130 VE T\u0130CARET ANON\u0130M S\u0130RKET\u0130 and its controlled subsidiaries and affiliates without your consent.<\/p>\n<p>&nbsp;<\/p>\n<p><strong>Collection of Your Personal Information<\/strong><\/p>\n<p>We ask you for this information when you register on www.irdenyapi.com.tr or when we need information that identifies you as a person (personal information) that allows us to contact you to perform a transaction you have requested, such as receiving information about IRDEN YAPI NAKL\u0130YE \u0130N\u015eAAT TUR\u0130ZM SANAY\u0130 VE T\u0130CARET ANON\u0130M S\u0130RKET\u0130 products and services, participating in competitions, ordering e-mail newsletters, participating in special sites or services with access restrictions, registering for an event or training, or to provide you with services. The personal information we collect may include your name, title, company or organisation name, work email address, work telephone number, work or home address and information relating to your job description.<\/p>\n<p>The Site may collect certain information about your visits, such as the name and Internet Protocol (IP) address of the Internet service provider you use to access the Site, the date and time you access the Site, the pages you access while you are on the Site, and the Internet address of the Web site that allows you to connect directly to our site. This information is used to improve the Site, analyse trends and manage the Site.<\/p>\n<p>Site use provides opportunities to communicate with \u0130RDEN YAPI NAKL\u0130YE \u0130N\u015eAAT TUR\u0130ZM SANAY\u0130 VE T\u0130CARET ANON\u0130M S\u0130RKET\u0130 employees, experts and peer users to share information and news about its members, products and related technologies. \u0130RDEN YAPI NAKL\u0130YE \u0130N\u015eAAT TUR\u0130ZM SANAY\u0130 VE T\u0130CARET ANON\u0130M S\u0130RKET\u0130 warns you to be careful not to disclose your real e-mail address or other personal information in comments or other general forums to prevent your e-mail address or other personal information from being collected by others and used for inappropriate or harmful purposes.<\/p>\n<p>&nbsp;<\/p>\n<p><strong>Use of Your Personal Information<\/strong><\/p>\n<p>The personal information collected on the Site is used for the operation of the Site and the provision of services or the fulfilment of transactions that you request or authorise.<\/p>\n<p>\u0130RDEN YAPI NAKL\u0130YE \u0130N\u015eAAT TUR\u0130ZM SANAY\u0130 VE T\u0130CARET ANON\u0130M S\u0130RKET\u0130 may use personal information to support these uses, to provide more effective service to its customers, to improve the Site and other related \u0130RDEN YAPI NAKL\u0130YE \u0130N\u015eAAT TUR\u0130ZM SANAY\u0130 VE T\u0130CARET ANON\u0130M S\u0130RKET\u0130 products or services, and to make the Site easier to use by eliminating the need to enter the same information repeatedly or to customise the Site according to your specific preferences and interests. In order to ensure that your relationship with \u0130RDEN YAPI NAKL\u0130YE \u0130N\u015eAAT TUR\u0130ZM SANAY\u0130 VE T\u0130CARET ANON\u0130M S\u0130RKET\u0130 remains balanced, the information used by \u0130RDEN YAPI NAKL\u0130YE \u0130N\u015eAAT TUR\u0130ZM SANAY\u0130 VE T\u0130CARET ANON\u0130M S\u0130RKET\u0130 may be combined with information collected by other \u0130RDEN YAPI NAKL\u0130YE \u0130N\u015eAAT TUR\u0130ZM SANAY\u0130 VE T\u0130CARET ANON\u0130M S\u0130RKET\u0130 services.<\/p>\n<p>We may use your personal information to provide important information about the products or services you are using, including critical updates and notifications. In addition, provided that you give your permission, we may send you information about other \u0130RDEN YAPI NAKL\u0130YE \u0130N\u015eAAT TUR\u0130ZM SANAY\u0130 VE T\u0130CARET ANON\u0130M S\u0130RKET\u0130 products and services and\/or share this information with other \u0130RDEN YAPI NAKL\u0130YE \u0130N\u015eAAT TUR\u0130ZM SANAY\u0130 VE T\u0130CARET ANON\u0130M S\u0130RKET\u0130 partners so that they can send information about their products and services.<\/p>\n<p>For research purposes, we combine data about site visits with anonymised demographic information and may use this information in aggregate form to provide more useful content. In some parts of the IRDEN YAPI NAKL\u0130YE \u0130N\u015eAAT TUR\u0130ZM SANAY\u0130 VE T\u0130CARET ANON\u0130M S\u0130RKET\u0130 site with access restrictions, we may combine site visit data with your personal information by obtaining your consent to provide personalised content.<\/p>\n<p>When you agree to receive promotional e-mails, \u0130RDEN YAPI NAKL\u0130YE \u0130N\u015eAAT TUR\u0130ZM SANAY\u0130 VE T\u0130CARET ANON\u0130M S\u0130RKET\u0130 may use customised links or similar technologies to track the e-mails you click. We may associate this information with your personal information in order to send you more appropriate e-mails or sales information. Each e-mail contains unsubscribe links that allow you to stop receiving such messages.<\/p>\n<p>\u0130RDEN YAPI NAKL\u0130YE \u0130N\u015eAAT TUR\u0130ZM SANAY\u0130 VE T\u0130CARET ANON\u0130M S\u0130RKET\u0130 may use your personal information when requested as a legal obligation or (a) to comply with legal requirements or to comply with legal proceedings served on \u0130RDEN YAPI NAKL\u0130YE \u0130N\u015eAAT TUR\u0130ZM SANAY\u0130 VE T\u0130CARET ANON\u0130M S\u0130RKET\u0130 or the Site; (b) to protect and defend the rights and property of \u0130RDEN YAPI NAKL\u0130YE \u0130N\u015eAAT TUR\u0130ZM SANAY\u0130 VE T\u0130CARET ANON\u0130M S\u0130RKET\u0130 and our Web site family; (c) \u0130RDEN YAPI NAKL\u0130YE \u0130N\u015eAAT TUR\u0130ZM SANAY\u0130 VE T\u0130CARET ANON\u0130M S\u0130RKET\u0130 employees or intermediaries, \u0130RDEN YAPI NAKL\u0130YE \u0130N\u015eAAT TUR\u0130ZM SANAY\u0130 VE T\u0130CARET ANON\u0130M S\u0130RKET\u0130 may disclose in cases where they believe in good faith that it is necessary to take action in emergency situations in terms of product users or public safety.<\/p>\n<p>&nbsp;<\/p>\n<p><strong>Access to Your Personal Information<\/strong><\/p>\n<p>You can review and edit the personal information and connection preferences you provide on this Site on your own page. Before your personal information is displayed, you will be prompted to enter your username and password.<\/p>\n<p>You can do the following on your page:<\/p>\n<p>You can view and edit the personal information you have given us at \u0130RDEN YAPI NAKL\u0130YE \u0130N\u015eAAT TUR\u0130ZM SANAY\u0130 VE T\u0130CARET ANON\u0130M S\u0130RKET\u0130.<\/p>\n<p>You can specify whether you want \u0130RDEN YAPI NAKL\u0130YE \u0130N\u015eAAT TUR\u0130ZM SANAY\u0130 VE T\u0130CARET ANON\u0130M S\u0130RKET\u0130 to send you marketing information.<\/p>\n<p>You can specify whether you want third parties to contact you.<\/p>\n<p>Some services offered on IRDEN YAPI NAKL\u0130YE \u0130N\u015eAAT TUR\u0130ZM SANAY\u0130 VE T\u0130CARET ANON\u0130M S\u0130RKET\u0130 may collect information that is not accessible from the Profile Centre. However, in such cases, you can access your personal information by contacting \u0130RDEN YAPI NAKL\u0130YE \u0130N\u015eAAT TUR\u0130ZM SANAY\u0130 VE T\u0130CARET ANON\u0130M S\u0130RKET\u0130 as described at the end of this notice or in other ways described by the service in question.<\/p>\n<p>&nbsp;<\/p>\n<p><strong>Security of Your Personal Information<\/strong><\/p>\n<p>IRDEN YAPI NAKL\u0130YE \u0130N\u015eAAT TUR\u0130ZM SANAY\u0130 VE T\u0130CARET ANON\u0130M S\u0130RKET\u0130 has adopted the principle of protecting the security of your personal information. We use a wide range of security technologies and procedures to protect your personal information from unauthorised access, use or disclosure. For example, we store the information you provide on computer servers located in controlled facilities with limited access.<\/p>\n<p>Changes to this Privacy Notice<\/p>\n<p>We may update this privacy statement from time to time. Your use of the Service constitutes your acceptance of this privacy statement and any updates that may be made.<\/p>\n","protected":false},"excerpt":{"rendered":"<p>Site Privacy Policy IRDEN YAPI NAKL\u0130YE \u0130N\u015eAAT TUR\u0130ZM SANAY\u0130 VE T\u0130CARET ANON\u0130M S\u0130RKET\u0130 NAKL\u0130YE \u0130N\u015eAAT TUR\u0130ZM SANAY\u0130 VE T\u0130CARET ANON\u0130M S\u0130RKET\u0130 is committed to protecting your privacy. This privacy statement describes the data collection and use practices of IRDEN YAPI NAKL\u0130YE \u0130N\u015eAAT TUR\u0130ZM SANAY\u0130 VE T\u0130CARET ANON\u0130M S\u0130RKET\u0130 site and sites (\u2018Site\u2019). Your access to&hellip;<\/p>\n","protected":false},"author":1,"featured_media":0,"parent":0,"menu_order":17,"comment_status":"closed","ping_status":"closed","template":"","meta":{"footnotes":""},"class_list":["post-2731","page","type-page","status-publish","hentry","description-off"],"_links":{"self":[{"href":"https:\/\/irdenyapi.com.tr\/en\/wp-json\/wp\/v2\/pages\/2731","targetHints":{"allow":["GET"]}}],"collection":[{"href":"https:\/\/irdenyapi.com.tr\/en\/wp-json\/wp\/v2\/pages"}],"about":[{"href":"https:\/\/irdenyapi.com.tr\/en\/wp-json\/wp\/v2\/types\/page"}],"author":[{"embeddable":true,"href":"https:\/\/irdenyapi.com.tr\/en\/wp-json\/wp\/v2\/users\/1"}],"replies":[{"embeddable":true,"href":"https:\/\/irdenyapi.com.tr\/en\/wp-json\/wp\/v2\/comments?post=2731"}],"version-history":[{"count":2,"href":"https:\/\/irdenyapi.com.tr\/en\/wp-json\/wp\/v2\/pages\/2731\/revisions"}],"predecessor-version":[{"id":2737,"href":"https:\/\/irdenyapi.com.tr\/en\/wp-json\/wp\/v2\/pages\/2731\/revisions\/2737"}],"wp:attachment":[{"href":"https:\/\/irdenyapi.com.tr\/en\/wp-json\/wp\/v2\/media?parent=2731"}],"curies":[{"name":"wp","href":"https:\/\/api.w.org\/{rel}","templated":true}]}}