{"id":2734,"date":"2012-06-16T04:33:44","date_gmt":"2012-06-16T01:33:44","guid":{"rendered":"https:\/\/irdenyapi.com.tr\/hukumler-kosullar\/"},"modified":"2024-05-11T10:25:14","modified_gmt":"2024-05-11T07:25:14","slug":"terms-conditions","status":"publish","type":"page","link":"https:\/\/irdenyapi.com.tr\/en\/terms-conditions\/","title":{"rendered":"Terms &#038; Conditions"},"content":{"rendered":"<p><strong>Binding Terms and Conditions<\/strong><br \/>\nPlease take a few minutes to review the following terms and conditions. Using this site means that you accept and are bound by these rules. If you do not agree to these Terms and Conditions, please do not use this website.<\/p>\n<p>If you link to this website from your own site, it is expected that your website will not contain illegal, offensive and\/or immoral content. \u0130RDEN YAPI NAKL\u0130YE \u0130N\u015eAAT TUR\u0130ZM SANAY\u0130 VE T\u0130CARET ANON\u0130M S\u0130RKET\u0130 is not responsible for any unproven claims about external sites that link to this website.<\/p>\n<p><strong>Links to other sites<\/strong><br \/>\nThis site contains links to other sites and some of them are not owned by \u0130RDEN YAPI NAKL\u0130YE \u0130N\u015eAAT TUR\u0130ZM SANAY\u0130 VE T\u0130CARET ANON\u0130M S\u0130RKET\u0130. \u0130RDEN YAPI NAKL\u0130YE \u0130N\u015eAAT TUR\u0130ZM SANAY\u0130 VE T\u0130CARET ANON\u0130M S\u0130RKET\u0130 cannot be held responsible for the privacy policy or content of these sites. In such cases, the privacy policies of those sites apply.<\/p>\n<p><strong>Changing the Terms and Conditions<\/strong><br \/>\n\u0130RDEN YAPI NAKL\u0130YE \u0130N\u015eAAT TUR\u0130ZM SANAY\u0130 VE T\u0130CARET ANON\u0130M S\u0130RKET\u0130 may make changes, additions or deletions to the terms and conditions without prior notice. Your continued use of this website following changes to these terms and conditions means that you accept these changes. Therefore, it is in your best interest to read this section each time you visit the site.<\/p>\n<p><strong>LIMITATION OF LIABILITY<\/strong><br \/>\nUNDER NO CIRCUMSTANCES SHALL SONBAYGROUP, ITS FOUNDERS, DIRECTORS, PARTNERS, VENDORS, PRODUCT PROVIDERS OR ANY OF ITS EMPLOYEES BE LIABLE FOR ANY LOSS OR DAMAGE OF ANY KIND ARISING DIRECTLY OR INDIRECTLY FROM THE USE OF THIS SITE. THIS BROAD LIMITATION OF LIABILITY EXCLUDES THE ABOVE-MENTIONED PARTIES FROM LIABILITY FOR ANY LOSS OR DAMAGE OF ANY KIND (GENERAL, SPECIAL, CONSEQUENTIAL, INCIDENTAL, EXEMPLARY OR SIMILAR TORTIOUS LOSS OR LOSS OF REVENUE, PROFITS AND INFORMATION) ARISING OUT OF ANY AGREEMENT, NEGLIGENCE OR ANY ACT OF ANY KIND. THIS PROVISION SHALL APPLY EVEN IF SONBAYGROUP&#8217;S RESPONSIBLE AGENTS AND AFFILIATED COMPANIES SHOULD HAVE KNOWN OR SHOULD HAVE BEEN ADVISED OF THIS POSSIBILITY OF DAMAGE. IF YOU DO NOT LIKE THE CONTENT OR POLICY OF THIS SITE, YOUR SOLE REMEDY IS NOT TO USE THIS SITE ANY FURTHER. BY USING THIS SITE, YOU AGREE THAT YOU ASSUME ALL RISK AT YOUR OWN RISK.<\/p>\n<p><strong>Enforcement of Terms and Conditions<\/strong><br \/>\nBy connecting to and using this site, you agree to be bound by the above terms and conditions and all applicable laws.<\/p>\n","protected":false},"excerpt":{"rendered":"<p>Binding Terms and Conditions Please take a few minutes to review the following terms and conditions. Using this site means that you accept and are bound by these rules. If you do not agree to these Terms and Conditions, please do not use this website. If you link to this website from your own site,&hellip;<\/p>\n","protected":false},"author":1,"featured_media":0,"parent":0,"menu_order":19,"comment_status":"closed","ping_status":"closed","template":"","meta":{"footnotes":""},"class_list":["post-2734","page","type-page","status-publish","hentry","description-off"],"_links":{"self":[{"href":"https:\/\/irdenyapi.com.tr\/en\/wp-json\/wp\/v2\/pages\/2734","targetHints":{"allow":["GET"]}}],"collection":[{"href":"https:\/\/irdenyapi.com.tr\/en\/wp-json\/wp\/v2\/pages"}],"about":[{"href":"https:\/\/irdenyapi.com.tr\/en\/wp-json\/wp\/v2\/types\/page"}],"author":[{"embeddable":true,"href":"https:\/\/irdenyapi.com.tr\/en\/wp-json\/wp\/v2\/users\/1"}],"replies":[{"embeddable":true,"href":"https:\/\/irdenyapi.com.tr\/en\/wp-json\/wp\/v2\/comments?post=2734"}],"version-history":[{"count":1,"href":"https:\/\/irdenyapi.com.tr\/en\/wp-json\/wp\/v2\/pages\/2734\/revisions"}],"predecessor-version":[{"id":2735,"href":"https:\/\/irdenyapi.com.tr\/en\/wp-json\/wp\/v2\/pages\/2734\/revisions\/2735"}],"wp:attachment":[{"href":"https:\/\/irdenyapi.com.tr\/en\/wp-json\/wp\/v2\/media?parent=2734"}],"curies":[{"name":"wp","href":"https:\/\/api.w.org\/{rel}","templated":true}]}}